{"id":171,"date":"2015-11-26T22:44:41","date_gmt":"2015-11-26T22:44:41","guid":{"rendered":"http:\/\/jfsmaria.pt\/pt\/?page_id=171"},"modified":"2015-12-08T22:11:25","modified_gmt":"2015-12-08T22:11:25","slug":"1971-1972","status":"publish","type":"page","link":"https:\/\/jfsmaria.pt\/pt\/legislaturas\/1971-1972\/","title":{"rendered":"1971 &#8211; 1972"},"content":{"rendered":"<table border=\"0\" width=\"100%\">\n<tbody>\n<tr>\n<td style=\"width: 33%; text-align: center; vertical-align: top;\" align=\"center\" width=\"33%\"><b><a href=\"https:\/\/jfsmaria.pt\/pt\/wp-content\/uploads\/2015\/Lesgislatura\/Jos\u00e9Leit\u00e3odeCarvalho.jpg\"><img loading=\"lazy\" decoding=\"async\" class=\"wp-image-697 size-full aligncenter\" src=\"https:\/\/jfsmaria.pt\/pt\/wp-content\/uploads\/2015\/Lesgislatura\/Jos\u00e9Leit\u00e3odeCarvalho.jpg\" alt=\"Jos\u00e9Leit\u00e3odeCarvalho\" width=\"250\" height=\"333\" srcset=\"https:\/\/jfsmaria.pt\/pt\/wp-content\/uploads\/2015\/Lesgislatura\/Jos\u00e9Leit\u00e3odeCarvalho.jpg 250w, https:\/\/jfsmaria.pt\/pt\/wp-content\/uploads\/2015\/Lesgislatura\/Jos\u00e9Leit\u00e3odeCarvalho-225x300.jpg 225w\" sizes=\"auto, (max-width: 250px) 100vw, 250px\" \/><\/a>Secret\u00e1rio: Jos\u00e9 Leit\u00e3o de Carvalho<br \/>\n<\/b><\/td>\n<td style=\"width: 34%; text-align: center; vertical-align: top;\" align=\"center\" valign=\"top\" width=\"34%\"><b><a href=\"https:\/\/jfsmaria.pt\/pt\/wp-content\/uploads\/2015\/Lesgislatura\/Ant\u00f3nioFerreiraAldeia.jpg\"><img loading=\"lazy\" decoding=\"async\" class=\"aligncenter wp-image-720 size-full\" src=\"https:\/\/jfsmaria.pt\/pt\/wp-content\/uploads\/2015\/Lesgislatura\/Ant\u00f3nioFerreiraAldeia.jpg\" alt=\"Ant\u00f3nioFerreiraAldeia\" width=\"250\" height=\"333\" srcset=\"https:\/\/jfsmaria.pt\/pt\/wp-content\/uploads\/2015\/Lesgislatura\/Ant\u00f3nioFerreiraAldeia.jpg 250w, https:\/\/jfsmaria.pt\/pt\/wp-content\/uploads\/2015\/Lesgislatura\/Ant\u00f3nioFerreiraAldeia-225x300.jpg 225w\" sizes=\"auto, (max-width: 250px) 100vw, 250px\" \/><\/a>Presidente: Ant\u00f3nio Ferreira Aldeia<\/b><\/td>\n<td style=\"width: 33%; text-align: center; vertical-align: top;\" align=\"center\" valign=\"top\" width=\"33%\"><a href=\"https:\/\/jfsmaria.pt\/pt\/wp-content\/uploads\/2015\/Lesgislatura\/V\u00edtorFonsecaCleto.jpg\"><img loading=\"lazy\" decoding=\"async\" class=\"aligncenter wp-image-715 size-full\" src=\"https:\/\/jfsmaria.pt\/pt\/wp-content\/uploads\/2015\/Lesgislatura\/V\u00edtorFonsecaCleto.jpg\" alt=\"V\u00edtorFonsecaCleto\" width=\"250\" height=\"332\" srcset=\"https:\/\/jfsmaria.pt\/pt\/wp-content\/uploads\/2015\/Lesgislatura\/V\u00edtorFonsecaCleto.jpg 250w, https:\/\/jfsmaria.pt\/pt\/wp-content\/uploads\/2015\/Lesgislatura\/V\u00edtorFonsecaCleto-226x300.jpg 226w\" sizes=\"auto, (max-width: 250px) 100vw, 250px\" \/><\/a><b>Tesoureiro: V\u00edtor Fonseca Cleto<br \/>\n<\/b><\/td>\n<\/tr>\n<\/tbody>\n<\/table>\n<p>&nbsp;<\/p>\n","protected":false},"excerpt":{"rendered":"<p>Secret\u00e1rio: Jos\u00e9 Leit\u00e3o de Carvalho Presidente: Ant\u00f3nio Ferreira Aldeia Tesoureiro: V\u00edtor Fonseca Cleto &nbsp;<\/p>\n","protected":false},"author":1,"featured_media":0,"parent":42,"menu_order":0,"comment_status":"closed","ping_status":"closed","template":"","meta":{"footnotes":""},"class_list":["post-171","page","type-page","status-publish","hentry"],"_links":{"self":[{"href":"https:\/\/jfsmaria.pt\/pt\/wp-json\/wp\/v2\/pages\/171","targetHints":{"allow":["GET"]}}],"collection":[{"href":"https:\/\/jfsmaria.pt\/pt\/wp-json\/wp\/v2\/pages"}],"about":[{"href":"https:\/\/jfsmaria.pt\/pt\/wp-json\/wp\/v2\/types\/page"}],"author":[{"embeddable":true,"href":"https:\/\/jfsmaria.pt\/pt\/wp-json\/wp\/v2\/users\/1"}],"replies":[{"embeddable":true,"href":"https:\/\/jfsmaria.pt\/pt\/wp-json\/wp\/v2\/comments?post=171"}],"version-history":[{"count":3,"href":"https:\/\/jfsmaria.pt\/pt\/wp-json\/wp\/v2\/pages\/171\/revisions"}],"predecessor-version":[{"id":728,"href":"https:\/\/jfsmaria.pt\/pt\/wp-json\/wp\/v2\/pages\/171\/revisions\/728"}],"up":[{"embeddable":true,"href":"https:\/\/jfsmaria.pt\/pt\/wp-json\/wp\/v2\/pages\/42"}],"wp:attachment":[{"href":"https:\/\/jfsmaria.pt\/pt\/wp-json\/wp\/v2\/media?parent=171"}],"curies":[{"name":"wp","href":"https:\/\/api.w.org\/{rel}","templated":true}]}}