{"id":184,"date":"2015-11-26T23:00:56","date_gmt":"2015-11-26T23:00:56","guid":{"rendered":"http:\/\/jfsmaria.pt\/pt\/?page_id=184"},"modified":"2015-12-08T22:16:27","modified_gmt":"2015-12-08T22:16:27","slug":"1977-1980","status":"publish","type":"page","link":"https:\/\/jfsmaria.pt\/pt\/legislaturas\/1977-1980\/","title":{"rendered":"1977 &#8211; 1980"},"content":{"rendered":"<table border=\"0\" width=\"100%\">\n<tbody>\n<tr>\n<td style=\"width: 33%; text-align: center; vertical-align: bottom;\" align=\"center\" width=\"33%\"><b><a href=\"https:\/\/jfsmaria.pt\/pt\/wp-content\/uploads\/2015\/Lesgislatura\/Jos\u00e9MassanoPinheiro.jpg\"><img loading=\"lazy\" decoding=\"async\" class=\"aligncenter wp-image-700 size-full\" src=\"https:\/\/jfsmaria.pt\/pt\/wp-content\/uploads\/2015\/Lesgislatura\/Jos\u00e9MassanoPinheiro.jpg\" alt=\"Jos\u00e9MassanoPinheiro\" width=\"250\" height=\"333\" srcset=\"https:\/\/jfsmaria.pt\/pt\/wp-content\/uploads\/2015\/Lesgislatura\/Jos\u00e9MassanoPinheiro.jpg 250w, https:\/\/jfsmaria.pt\/pt\/wp-content\/uploads\/2015\/Lesgislatura\/Jos\u00e9MassanoPinheiro-225x300.jpg 225w\" sizes=\"auto, (max-width: 250px) 100vw, 250px\" \/><\/a>Secret\u00e1rio: Jos\u00e9 Massano Pinheiro<br \/>\n<\/b><\/td>\n<td style=\"width: 34%; text-align: center; vertical-align: bottom;\" align=\"center\" valign=\"top\" width=\"34%\"><b><a href=\"https:\/\/jfsmaria.pt\/pt\/wp-content\/uploads\/2015\/Lesgislatura\/Jos\u00e9MassanoLucas.jpg\"><img loading=\"lazy\" decoding=\"async\" class=\"aligncenter wp-image-699 size-full\" src=\"https:\/\/jfsmaria.pt\/pt\/wp-content\/uploads\/2015\/Lesgislatura\/Jos\u00e9MassanoLucas.jpg\" alt=\"Jos\u00e9MassanoLucas\" width=\"250\" height=\"333\" srcset=\"https:\/\/jfsmaria.pt\/pt\/wp-content\/uploads\/2015\/Lesgislatura\/Jos\u00e9MassanoLucas.jpg 250w, https:\/\/jfsmaria.pt\/pt\/wp-content\/uploads\/2015\/Lesgislatura\/Jos\u00e9MassanoLucas-225x300.jpg 225w\" sizes=\"auto, (max-width: 250px) 100vw, 250px\" \/><\/a>Presidente: Jos\u00e9 Massano Lucas<\/b><\/td>\n<td style=\"width: 33%; text-align: center; vertical-align: bottom;\" align=\"center\" valign=\"top\" width=\"33%\"><b><a href=\"https:\/\/jfsmaria.pt\/pt\/wp-content\/uploads\/2015\/Lesgislatura\/MarioCardoso.jpg\"><img loading=\"lazy\" decoding=\"async\" class=\"aligncenter wp-image-710 size-full\" src=\"https:\/\/jfsmaria.pt\/pt\/wp-content\/uploads\/2015\/Lesgislatura\/MarioCardoso.jpg\" alt=\"MarioCardoso\" width=\"250\" height=\"334\" srcset=\"https:\/\/jfsmaria.pt\/pt\/wp-content\/uploads\/2015\/Lesgislatura\/MarioCardoso.jpg 250w, https:\/\/jfsmaria.pt\/pt\/wp-content\/uploads\/2015\/Lesgislatura\/MarioCardoso-225x300.jpg 225w\" sizes=\"auto, (max-width: 250px) 100vw, 250px\" \/><\/a>Tesoureiro: M\u00e1rio Cardoso Cleto<\/b><\/td>\n<\/tr>\n<\/tbody>\n<\/table>\n<p>&nbsp;<\/p>\n","protected":false},"excerpt":{"rendered":"<p>Secret\u00e1rio: Jos\u00e9 Massano Pinheiro Presidente: Jos\u00e9 Massano Lucas Tesoureiro: M\u00e1rio Cardoso Cleto &nbsp;<\/p>\n","protected":false},"author":1,"featured_media":0,"parent":42,"menu_order":0,"comment_status":"closed","ping_status":"closed","template":"","meta":{"footnotes":""},"class_list":["post-184","page","type-page","status-publish","hentry"],"_links":{"self":[{"href":"https:\/\/jfsmaria.pt\/pt\/wp-json\/wp\/v2\/pages\/184","targetHints":{"allow":["GET"]}}],"collection":[{"href":"https:\/\/jfsmaria.pt\/pt\/wp-json\/wp\/v2\/pages"}],"about":[{"href":"https:\/\/jfsmaria.pt\/pt\/wp-json\/wp\/v2\/types\/page"}],"author":[{"embeddable":true,"href":"https:\/\/jfsmaria.pt\/pt\/wp-json\/wp\/v2\/users\/1"}],"replies":[{"embeddable":true,"href":"https:\/\/jfsmaria.pt\/pt\/wp-json\/wp\/v2\/comments?post=184"}],"version-history":[{"count":3,"href":"https:\/\/jfsmaria.pt\/pt\/wp-json\/wp\/v2\/pages\/184\/revisions"}],"predecessor-version":[{"id":732,"href":"https:\/\/jfsmaria.pt\/pt\/wp-json\/wp\/v2\/pages\/184\/revisions\/732"}],"up":[{"embeddable":true,"href":"https:\/\/jfsmaria.pt\/pt\/wp-json\/wp\/v2\/pages\/42"}],"wp:attachment":[{"href":"https:\/\/jfsmaria.pt\/pt\/wp-json\/wp\/v2\/media?parent=184"}],"curies":[{"name":"wp","href":"https:\/\/api.w.org\/{rel}","templated":true}]}}