{"id":201,"date":"2015-11-26T23:11:16","date_gmt":"2015-11-26T23:11:16","guid":{"rendered":"http:\/\/jfsmaria.pt\/pt\/?page_id=201"},"modified":"2015-12-08T22:23:32","modified_gmt":"2015-12-08T22:23:32","slug":"1994-1998","status":"publish","type":"page","link":"https:\/\/jfsmaria.pt\/pt\/legislaturas\/1994-1998\/","title":{"rendered":"1994 &#8211; 1998"},"content":{"rendered":"<table border=\"0\" width=\"100%\">\n<tbody>\n<tr>\n<td style=\"width: 33%; text-align: center; vertical-align: bottom;\" align=\"center\" valign=\"top\" width=\"33%\"><b><a href=\"https:\/\/jfsmaria.pt\/pt\/wp-content\/uploads\/2015\/Lesgislatura\/Jos\u00e9MassanoPinheiro.jpg\"><img loading=\"lazy\" decoding=\"async\" class=\"aligncenter wp-image-700 size-full\" src=\"https:\/\/jfsmaria.pt\/pt\/wp-content\/uploads\/2015\/Lesgislatura\/Jos\u00e9MassanoPinheiro.jpg\" alt=\"Jos\u00e9MassanoPinheiro\" width=\"250\" height=\"333\" srcset=\"https:\/\/jfsmaria.pt\/pt\/wp-content\/uploads\/2015\/Lesgislatura\/Jos\u00e9MassanoPinheiro.jpg 250w, https:\/\/jfsmaria.pt\/pt\/wp-content\/uploads\/2015\/Lesgislatura\/Jos\u00e9MassanoPinheiro-225x300.jpg 225w\" sizes=\"auto, (max-width: 250px) 100vw, 250px\" \/><\/a>Secret\u00e1rio: Jos\u00e9 Massano Pinheiro<br \/>\n<\/b><\/td>\n<td style=\"width: 34%; text-align: center; vertical-align: bottom;\" align=\"center\" valign=\"top\" width=\"34%\"><b><a href=\"https:\/\/jfsmaria.pt\/pt\/wp-content\/uploads\/2015\/Lesgislatura\/Jos\u00e9QuaresmaDomingos.jpg\"><img loading=\"lazy\" decoding=\"async\" class=\"aligncenter wp-image-703 size-full\" src=\"https:\/\/jfsmaria.pt\/pt\/wp-content\/uploads\/2015\/Lesgislatura\/Jos\u00e9QuaresmaDomingos.jpg\" alt=\"Jos\u00e9QuaresmaDomingos\" width=\"250\" height=\"334\" srcset=\"https:\/\/jfsmaria.pt\/pt\/wp-content\/uploads\/2015\/Lesgislatura\/Jos\u00e9QuaresmaDomingos.jpg 250w, https:\/\/jfsmaria.pt\/pt\/wp-content\/uploads\/2015\/Lesgislatura\/Jos\u00e9QuaresmaDomingos-225x300.jpg 225w\" sizes=\"auto, (max-width: 250px) 100vw, 250px\" \/><\/a>Presidente: Jos\u00e9 Quaresma Domingos<\/b><\/td>\n<td style=\"width: 33%; text-align: center; vertical-align: bottom;\" align=\"center\" valign=\"top\" width=\"33%\"><b><a href=\"https:\/\/jfsmaria.pt\/pt\/wp-content\/uploads\/2015\/Lesgislatura\/ManuelFernandoCarvalhinho.jpg\"><img loading=\"lazy\" decoding=\"async\" class=\"aligncenter wp-image-705 size-full\" src=\"https:\/\/jfsmaria.pt\/pt\/wp-content\/uploads\/2015\/Lesgislatura\/ManuelFernandoCarvalhinho.jpg\" alt=\"ManuelFernandoCarvalhinho\" width=\"250\" height=\"332\" srcset=\"https:\/\/jfsmaria.pt\/pt\/wp-content\/uploads\/2015\/Lesgislatura\/ManuelFernandoCarvalhinho.jpg 250w, https:\/\/jfsmaria.pt\/pt\/wp-content\/uploads\/2015\/Lesgislatura\/ManuelFernandoCarvalhinho-226x300.jpg 226w\" sizes=\"auto, (max-width: 250px) 100vw, 250px\" \/><\/a>Tesoureiro: Manuel Fernando Serra Carvalhinho<br \/>\n<\/b><\/td>\n<\/tr>\n<\/tbody>\n<\/table>\n<p>&nbsp;<\/p>\n","protected":false},"excerpt":{"rendered":"<p>Secret\u00e1rio: Jos\u00e9 Massano Pinheiro Presidente: Jos\u00e9 Quaresma Domingos Tesoureiro: Manuel Fernando Serra Carvalhinho &nbsp;<\/p>\n","protected":false},"author":1,"featured_media":0,"parent":42,"menu_order":0,"comment_status":"closed","ping_status":"closed","template":"","meta":{"footnotes":""},"class_list":["post-201","page","type-page","status-publish","hentry"],"_links":{"self":[{"href":"https:\/\/jfsmaria.pt\/pt\/wp-json\/wp\/v2\/pages\/201","targetHints":{"allow":["GET"]}}],"collection":[{"href":"https:\/\/jfsmaria.pt\/pt\/wp-json\/wp\/v2\/pages"}],"about":[{"href":"https:\/\/jfsmaria.pt\/pt\/wp-json\/wp\/v2\/types\/page"}],"author":[{"embeddable":true,"href":"https:\/\/jfsmaria.pt\/pt\/wp-json\/wp\/v2\/users\/1"}],"replies":[{"embeddable":true,"href":"https:\/\/jfsmaria.pt\/pt\/wp-json\/wp\/v2\/comments?post=201"}],"version-history":[{"count":4,"href":"https:\/\/jfsmaria.pt\/pt\/wp-json\/wp\/v2\/pages\/201\/revisions"}],"predecessor-version":[{"id":737,"href":"https:\/\/jfsmaria.pt\/pt\/wp-json\/wp\/v2\/pages\/201\/revisions\/737"}],"up":[{"embeddable":true,"href":"https:\/\/jfsmaria.pt\/pt\/wp-json\/wp\/v2\/pages\/42"}],"wp:attachment":[{"href":"https:\/\/jfsmaria.pt\/pt\/wp-json\/wp\/v2\/media?parent=201"}],"curies":[{"name":"wp","href":"https:\/\/api.w.org\/{rel}","templated":true}]}}