{"id":364,"date":"2015-12-04T23:06:39","date_gmt":"2015-12-04T23:06:39","guid":{"rendered":"http:\/\/jfsmaria.pt\/pt\/?page_id=364"},"modified":"2015-12-06T00:43:04","modified_gmt":"2015-12-06T00:43:04","slug":"caraterizacao-da-freguesia","status":"publish","type":"page","link":"https:\/\/jfsmaria.pt\/pt\/freguesia\/caraterizacao-da-freguesia\/","title":{"rendered":"Carateriza\u00e7\u00e3o da Freguesia"},"content":{"rendered":"<h1 class=\"RVWYSIWYGAREA\">ACTIVIDADES ECON\u00d3MICAS<\/h1>\n<p style=\"text-align: justify;\" align=\"justify\">As principais actividades econ\u00f3micas que se desenvolvem nesta freguesia fundam-se nos servi\u00e7os, na hotelaria, na constru\u00e7\u00e3o civil e na pastor\u00edcia.<\/p>\n<p style=\"text-align: justify;\" align=\"justify\">A ind\u00fastria\u00a0na Freguesia de\u00a0Santa Maria \u00e9 antiga, datando do s\u00e9culo XVII, relaciona-se toda ela com a exist\u00eancia de abundantes rebanhos na Serra da Estrela, que lhe forneciam a l\u00e3 e com a privilegiada for\u00e7a motriz atrav\u00e9s da abundante \u00e1gua que corre pelo rio Z\u00eazere, nasceram algumas unidades fabris junto do rio como por exemplo: S\u00e3o Gabriel. Nas \u00faltimas d\u00e9cadas esta situa\u00e7\u00e3o sofreu consider\u00e1veis altera\u00e7\u00f5es.<\/p>\n<p style=\"text-align: justify;\" align=\"justify\">O setor prim\u00e1rio continua a ver o seu efectivo reduzir-se progressivamente. \u00c9 caracterizado pela exist\u00eancia de uma agricultura envelhecida, de car\u00e1cter tradicional e de complementaridade e auto-subsist\u00eancia, com pequenas explora\u00e7\u00f5es agr\u00edcolas e pastoris.<\/p>\n<p style=\"text-align: justify;\" align=\"justify\">O setor secund\u00e1rio distribui-se nas actividades imobili\u00e1ria, transportes, comunica\u00e7\u00f5es, no alojamento, na restaura\u00e7\u00e3o e com\u00e9rcio a retalho.<\/p>\n<p style=\"text-align: justify;\" align=\"justify\">Relativamente aos servi\u00e7os, estes surgem na administra\u00e7\u00e3o p\u00fablica, (administra\u00e7\u00e3o local, educa\u00e7\u00e3o e sa\u00fade) e na actividade financeira.<\/p>\n<p style=\"text-align: justify;\" align=\"justify\">Com o encerramento da SOTAVE em 2005 (empresa de lanif\u00edcios), que era a grande empregadora no Concelho de Manteigas, A Freguesia de Santa Maria viu aumentar o desemprego, que no censos de 2001 era praticamente nulo.<\/p>\n<p style=\"text-align: justify;\" align=\"justify\">Hoje a Freguesia v\u00ea a sua popula\u00e7\u00e3o jovem maioritariamente com habilita\u00e7\u00f5es t\u00e9cnicas ou acad\u00e9micas, procurar emprego\u00a0fora do Concelho de Manteigas.<\/p>\n<table>\n<tbody>\n<tr>\n<td><a href=\"https:\/\/jfsmaria.pt\/pt\/wp-content\/uploads\/2015\/12\/DSCF3810.jpg\"><img loading=\"lazy\" decoding=\"async\" class=\"size-medium wp-image-366 aligncenter\" src=\"https:\/\/jfsmaria.pt\/pt\/wp-content\/uploads\/2015\/12\/DSCF3810-300x225.jpg\" alt=\"DSCF3810\" width=\"200\" height=\"150\" srcset=\"https:\/\/jfsmaria.pt\/pt\/wp-content\/uploads\/2015\/12\/DSCF3810-300x225.jpg 300w, https:\/\/jfsmaria.pt\/pt\/wp-content\/uploads\/2015\/12\/DSCF3810.jpg 1024w, https:\/\/jfsmaria.pt\/pt\/wp-content\/uploads\/2015\/12\/DSCF3810-768x576.jpg 768w\" sizes=\"auto, (max-width: 200px) 100vw, 200px\" \/><\/a><\/td>\n<td><img loading=\"lazy\" decoding=\"async\" class=\"size-medium wp-image-367 aligncenter\" src=\"https:\/\/jfsmaria.pt\/pt\/wp-content\/uploads\/2015\/12\/Maiode20082-300x225.jpg\" alt=\"Maiode20082\" width=\"200\" height=\"150\" srcset=\"https:\/\/jfsmaria.pt\/pt\/wp-content\/uploads\/2015\/12\/Maiode20082-300x225.jpg 300w, https:\/\/jfsmaria.pt\/pt\/wp-content\/uploads\/2015\/12\/Maiode20082.jpg 1024w, https:\/\/jfsmaria.pt\/pt\/wp-content\/uploads\/2015\/12\/Maiode20082-768x576.jpg 768w\" sizes=\"auto, (max-width: 200px) 100vw, 200px\" \/><\/td>\n<td><a href=\"https:\/\/jfsmaria.pt\/pt\/wp-content\/uploads\/2015\/12\/Vermelhos.jpg\"><img loading=\"lazy\" decoding=\"async\" class=\"size-medium wp-image-368 aligncenter\" src=\"https:\/\/jfsmaria.pt\/pt\/wp-content\/uploads\/2015\/12\/Vermelhos-300x225.jpg\" alt=\"Vermelhos\" width=\"200\" height=\"150\" srcset=\"https:\/\/jfsmaria.pt\/pt\/wp-content\/uploads\/2015\/12\/Vermelhos-300x225.jpg 300w, https:\/\/jfsmaria.pt\/pt\/wp-content\/uploads\/2015\/12\/Vermelhos.jpg 1024w, https:\/\/jfsmaria.pt\/pt\/wp-content\/uploads\/2015\/12\/Vermelhos-768x576.jpg 768w\" sizes=\"auto, (max-width: 200px) 100vw, 200px\" \/><\/a><\/td>\n<\/tr>\n<\/tbody>\n<\/table>\n","protected":false},"excerpt":{"rendered":"<p>ACTIVIDADES ECON\u00d3MICAS As principais actividades econ\u00f3micas que se desenvolvem nesta freguesia fundam-se nos servi\u00e7os, na hotelaria, na constru\u00e7\u00e3o civil e na pastor\u00edcia. A ind\u00fastria\u00a0na Freguesia de\u00a0Santa Maria \u00e9 antiga, datando do s\u00e9culo XVII, relaciona-se toda ela com a exist\u00eancia de abundantes rebanhos na Serra da Estrela, que lhe forneciam a l\u00e3 e com a privilegiada for\u00e7a motriz atrav\u00e9s da abundante \u00e1gua que corre pelo rio Z\u00eazere, nasceram algumas unidades fabris junto do rio como por exemplo: S\u00e3o Gabriel. Nas \u00faltimas d\u00e9cadas esta situa\u00e7\u00e3o sofreu consider\u00e1veis altera\u00e7\u00f5es. O setor prim\u00e1rio continua a ver o seu efectivo reduzir-se progressivamente. \u00c9 caracterizado pela exist\u00eancia de uma agricultura envelhecida, de car\u00e1cter tradicional e de complementaridade e auto-subsist\u00eancia, com pequenas explora\u00e7\u00f5es agr\u00edcolas e pastoris. O setor secund\u00e1rio distribui-se nas actividades imobili\u00e1ria, transportes, comunica\u00e7\u00f5es, no alojamento, na restaura\u00e7\u00e3o e com\u00e9rcio a retalho. Relativamente aos servi\u00e7os, estes surgem na administra\u00e7\u00e3o p\u00fablica, (administra\u00e7\u00e3o local, educa\u00e7\u00e3o e sa\u00fade) e na actividade financeira. Com o encerramento da SOTAVE em 2005 (empresa de lanif\u00edcios), que era a grande empregadora no Concelho de Manteigas, A Freguesia de Santa Maria viu aumentar o desemprego, que no censos de 2001 era praticamente nulo. Hoje a Freguesia v\u00ea a sua popula\u00e7\u00e3o jovem maioritariamente com habilita\u00e7\u00f5es t\u00e9cnicas ou acad\u00e9micas, procurar emprego\u00a0fora do Concelho de Manteigas.<\/p>\n","protected":false},"author":1,"featured_media":0,"parent":36,"menu_order":0,"comment_status":"closed","ping_status":"closed","template":"","meta":{"footnotes":""},"class_list":["post-364","page","type-page","status-publish","hentry"],"_links":{"self":[{"href":"https:\/\/jfsmaria.pt\/pt\/wp-json\/wp\/v2\/pages\/364","targetHints":{"allow":["GET"]}}],"collection":[{"href":"https:\/\/jfsmaria.pt\/pt\/wp-json\/wp\/v2\/pages"}],"about":[{"href":"https:\/\/jfsmaria.pt\/pt\/wp-json\/wp\/v2\/types\/page"}],"author":[{"embeddable":true,"href":"https:\/\/jfsmaria.pt\/pt\/wp-json\/wp\/v2\/users\/1"}],"replies":[{"embeddable":true,"href":"https:\/\/jfsmaria.pt\/pt\/wp-json\/wp\/v2\/comments?post=364"}],"version-history":[{"count":4,"href":"https:\/\/jfsmaria.pt\/pt\/wp-json\/wp\/v2\/pages\/364\/revisions"}],"predecessor-version":[{"id":488,"href":"https:\/\/jfsmaria.pt\/pt\/wp-json\/wp\/v2\/pages\/364\/revisions\/488"}],"up":[{"embeddable":true,"href":"https:\/\/jfsmaria.pt\/pt\/wp-json\/wp\/v2\/pages\/36"}],"wp:attachment":[{"href":"https:\/\/jfsmaria.pt\/pt\/wp-json\/wp\/v2\/media?parent=364"}],"curies":[{"name":"wp","href":"https:\/\/api.w.org\/{rel}","templated":true}]}}