{"id":383,"date":"2015-12-04T23:34:48","date_gmt":"2015-12-04T23:34:48","guid":{"rendered":"http:\/\/jfsmaria.pt\/pt\/?page_id=383"},"modified":"2015-12-06T00:06:30","modified_gmt":"2015-12-06T00:06:30","slug":"turismo","status":"publish","type":"page","link":"https:\/\/jfsmaria.pt\/pt\/freguesia\/turismo\/","title":{"rendered":"Turismo"},"content":{"rendered":"<h1 style=\"text-align: justify;\">TURISMO DE NATUREZA<\/h1>\n<p style=\"text-align: justify;\"><a href=\"https:\/\/jfsmaria.pt\/pt\/wp-content\/uploads\/2015\/12\/DSCF7378.jpg\"><img loading=\"lazy\" decoding=\"async\" class=\"size-medium wp-image-386 alignright\" src=\"https:\/\/jfsmaria.pt\/pt\/wp-content\/uploads\/2015\/12\/DSCF7378-300x225.jpg\" alt=\"DSCF7378\" width=\"200\" height=\"150\" srcset=\"https:\/\/jfsmaria.pt\/pt\/wp-content\/uploads\/2015\/12\/DSCF7378-300x225.jpg 300w, https:\/\/jfsmaria.pt\/pt\/wp-content\/uploads\/2015\/12\/DSCF7378.jpg 1024w, https:\/\/jfsmaria.pt\/pt\/wp-content\/uploads\/2015\/12\/DSCF7378-768x576.jpg 768w\" sizes=\"auto, (max-width: 200px) 100vw, 200px\" \/><\/a>Os locais de interesse tur\u00edstico na Freguesia de Santa Maria,\u00a0relacionam-se com a beleza da natural paisagens de montanha, com percursos pedonais e de BTT, aconselhamos uma visita \u00e0s Penhas Douradas (Observat\u00f3rio, Frag\u00e3o do Corvo, a Casa da Fraga (primeiro local de turismo na Serra da Estrela 1881), ao Cov\u00e3o da Ponte, a S\u00e3o Louren\u00e7o, e ao Vale da Castanheira.<\/p>\n<h1 style=\"text-align: justify;\">TURISMO RELIGIOSO<\/h1>\n<p style=\"text-align: justify;\"><a href=\"https:\/\/jfsmaria.pt\/pt\/wp-content\/uploads\/2015\/12\/SenhordoCalv\u00e1rio.jpg\"><img loading=\"lazy\" decoding=\"async\" class=\"size-medium wp-image-389 alignleft\" src=\"https:\/\/jfsmaria.pt\/pt\/wp-content\/uploads\/2015\/12\/SenhordoCalv\u00e1rio-203x300.jpg\" alt=\"SenhordoCalv\u00e1rio\" width=\"135\" height=\"200\" srcset=\"https:\/\/jfsmaria.pt\/pt\/wp-content\/uploads\/2015\/12\/SenhordoCalv\u00e1rio-203x300.jpg 203w, https:\/\/jfsmaria.pt\/pt\/wp-content\/uploads\/2015\/12\/SenhordoCalv\u00e1rio-521x768.jpg 521w, https:\/\/jfsmaria.pt\/pt\/wp-content\/uploads\/2015\/12\/SenhordoCalv\u00e1rio.jpg 678w\" sizes=\"auto, (max-width: 135px) 100vw, 135px\" \/><\/a>Ao longo do ano celebram-se as seguintes Festas e Romarias:<\/p>\n<ul style=\"text-align: justify;\">\n<li>Senhor do Calv\u00e1rio &#8211; Pen\u00faltimo Domingo de Agosto<\/li>\n<li>S\u00e3o Sebasti\u00e3o &#8211; 4.\u00ba Domingo de Outubro<\/li>\n<li>Semana Santa &#8211; P\u00e1scoa<\/li>\n<li>Festa de S\u00e3o Louren\u00e7o \u2013 11 de Agosto<\/li>\n<li>\u00a0Anivers\u00e1rio da Banda Boa Uni\u00e3o \u2013 M\u00fasica Velha \u2013 8 de Julho<\/li>\n<li>Santos Populares \u2013 Grupo Popular da Pra\u00e7a da Loi\u00e7a.<\/li>\n<\/ul>\n<h1 style=\"text-align: justify;\">TURISMO GASTRON\u00d3MICO<\/h1>\n<p style=\"text-align: justify;\"><a href=\"https:\/\/jfsmaria.pt\/pt\/wp-content\/uploads\/2015\/12\/feijocas.jpg\"><img loading=\"lazy\" decoding=\"async\" class=\"size-medium wp-image-387 alignright\" src=\"https:\/\/jfsmaria.pt\/pt\/wp-content\/uploads\/2015\/12\/feijocas-300x225.jpg\" alt=\"feijocas\" width=\"200\" height=\"150\" srcset=\"https:\/\/jfsmaria.pt\/pt\/wp-content\/uploads\/2015\/12\/feijocas-300x225.jpg 300w, https:\/\/jfsmaria.pt\/pt\/wp-content\/uploads\/2015\/12\/feijocas.jpg 691w\" sizes=\"auto, (max-width: 200px) 100vw, 200px\" \/><\/a>Para os que apreciam boa Gastronomia podem deliciar-se com:<\/p>\n<ul style=\"text-align: justify;\">\n<li>Sopas\n<ul>\n<li>Caldudo e de Ab\u00f3bora.<\/li>\n<\/ul>\n<\/li>\n<li>Carnes\n<ul>\n<li>Cabrito no forno; Chanfana; Febras de Porco; Carne de Vinha d&#8217;Alho; Feij\u00e3o Cozido no forno; Feijoca e Enchidos Regionais: Chouri\u00e7a; Farinheiro; Morcela e Presunto.<\/li>\n<\/ul>\n<\/li>\n<li>Peixes\n<ul>\n<li>Peixes do Rio; Trutas Grelhadas ou com molho de escabeche<\/li>\n<\/ul>\n<\/li>\n<li>Queijos da Serra\n<ul>\n<li>Queijo de Cabra; Queijo de Ovelha e Requeij\u00f5es.<\/li>\n<\/ul>\n<\/li>\n<li>Sobremesas\n<ul>\n<li>Arroz Doce; Bolo de Crista; Bolos de Leite; Cavacas; Esquecidos; Requeij\u00e3o com doce de ab\u00f3bora; Papas de Milho e Zambana.<\/li>\n<\/ul>\n<\/li>\n<li>Bebidas\n<ul>\n<li>Aguardente de Zimbro; Jeropiga; Vinhos Branco e Tinto.<\/li>\n<\/ul>\n<\/li>\n<\/ul>\n<h1 style=\"text-align: justify;\">ARTESANATO<\/h1>\n<p style=\"text-align: justify;\"><a href=\"https:\/\/jfsmaria.pt\/pt\/wp-content\/uploads\/2015\/12\/manta.jpg\"><img loading=\"lazy\" decoding=\"async\" class=\"size-medium wp-image-388 alignleft\" src=\"https:\/\/jfsmaria.pt\/pt\/wp-content\/uploads\/2015\/12\/manta-300x225.jpg\" alt=\"manta\" width=\"200\" height=\"150\" srcset=\"https:\/\/jfsmaria.pt\/pt\/wp-content\/uploads\/2015\/12\/manta-300x225.jpg 300w, https:\/\/jfsmaria.pt\/pt\/wp-content\/uploads\/2015\/12\/manta.jpg 1024w, https:\/\/jfsmaria.pt\/pt\/wp-content\/uploads\/2015\/12\/manta-768x576.jpg 768w\" sizes=\"auto, (max-width: 200px) 100vw, 200px\" \/><\/a>A Freguesia de Santa Maria, orgulha-se dos seus artes\u00e3os que com sabedoria, arte e carinho usam t\u00e9cnicas ancestrais no manejo de produtos end\u00f3genos, como por exemplo: Mantas de tiras; Tapetes de farrapos; Assaf\u00f5es; Casacos de sarrob\u00e9co; Miniaturas em madeira de utens\u00edlios agr\u00edcolas, pastoris e de uso domestico.<\/p>\n","protected":false},"excerpt":{"rendered":"<p>TURISMO DE NATUREZA Os locais de interesse tur\u00edstico na Freguesia de Santa Maria,\u00a0relacionam-se com a beleza da natural paisagens de montanha, com percursos pedonais e de BTT, aconselhamos uma visita \u00e0s Penhas Douradas (Observat\u00f3rio, Frag\u00e3o do Corvo, a Casa da Fraga (primeiro local de turismo na Serra da Estrela 1881), ao Cov\u00e3o da Ponte, a S\u00e3o Louren\u00e7o, e ao Vale da Castanheira. TURISMO RELIGIOSO Ao longo do ano celebram-se as seguintes Festas e Romarias: Senhor do Calv\u00e1rio &#8211; Pen\u00faltimo Domingo de Agosto S\u00e3o Sebasti\u00e3o &#8211; 4.\u00ba Domingo de Outubro Semana Santa &#8211; P\u00e1scoa Festa de S\u00e3o Louren\u00e7o \u2013 11 de Agosto \u00a0Anivers\u00e1rio da Banda Boa Uni\u00e3o \u2013 M\u00fasica Velha \u2013 8 de Julho Santos Populares \u2013 Grupo Popular da Pra\u00e7a da Loi\u00e7a. TURISMO GASTRON\u00d3MICO Para os que apreciam boa Gastronomia podem deliciar-se com: Sopas Caldudo e de Ab\u00f3bora. Carnes Cabrito no forno; Chanfana; Febras de Porco; Carne de Vinha d&#8217;Alho; Feij\u00e3o Cozido no forno; Feijoca e Enchidos Regionais: Chouri\u00e7a; Farinheiro; Morcela e Presunto. Peixes Peixes do Rio; Trutas Grelhadas ou com molho de escabeche Queijos da Serra Queijo de Cabra; Queijo de Ovelha e Requeij\u00f5es. Sobremesas Arroz Doce; Bolo de Crista; Bolos de Leite; Cavacas; Esquecidos; Requeij\u00e3o com doce de ab\u00f3bora; Papas de Milho e Zambana. Bebidas Aguardente de Zimbro; Jeropiga; Vinhos Branco e Tinto. ARTESANATO A Freguesia de Santa Maria, orgulha-se dos seus artes\u00e3os que com sabedoria, arte e carinho usam t\u00e9cnicas ancestrais no manejo de produtos end\u00f3genos, como por exemplo: Mantas de tiras; Tapetes de farrapos; Assaf\u00f5es; Casacos de sarrob\u00e9co; Miniaturas em madeira de utens\u00edlios agr\u00edcolas, pastoris e de uso domestico.<\/p>\n","protected":false},"author":1,"featured_media":0,"parent":36,"menu_order":0,"comment_status":"closed","ping_status":"closed","template":"","meta":{"footnotes":""},"class_list":["post-383","page","type-page","status-publish","hentry"],"_links":{"self":[{"href":"https:\/\/jfsmaria.pt\/pt\/wp-json\/wp\/v2\/pages\/383","targetHints":{"allow":["GET"]}}],"collection":[{"href":"https:\/\/jfsmaria.pt\/pt\/wp-json\/wp\/v2\/pages"}],"about":[{"href":"https:\/\/jfsmaria.pt\/pt\/wp-json\/wp\/v2\/types\/page"}],"author":[{"embeddable":true,"href":"https:\/\/jfsmaria.pt\/pt\/wp-json\/wp\/v2\/users\/1"}],"replies":[{"embeddable":true,"href":"https:\/\/jfsmaria.pt\/pt\/wp-json\/wp\/v2\/comments?post=383"}],"version-history":[{"count":4,"href":"https:\/\/jfsmaria.pt\/pt\/wp-json\/wp\/v2\/pages\/383\/revisions"}],"predecessor-version":[{"id":385,"href":"https:\/\/jfsmaria.pt\/pt\/wp-json\/wp\/v2\/pages\/383\/revisions\/385"}],"up":[{"embeddable":true,"href":"https:\/\/jfsmaria.pt\/pt\/wp-json\/wp\/v2\/pages\/36"}],"wp:attachment":[{"href":"https:\/\/jfsmaria.pt\/pt\/wp-json\/wp\/v2\/media?parent=383"}],"curies":[{"name":"wp","href":"https:\/\/api.w.org\/{rel}","templated":true}]}}