{"id":40,"date":"2015-08-30T17:15:42","date_gmt":"2015-08-30T17:15:42","guid":{"rendered":"http:\/\/jfsmaria.pt\/pt\/?page_id=40"},"modified":"2015-12-05T23:37:03","modified_gmt":"2015-12-05T23:37:03","slug":"diversos","status":"publish","type":"page","link":"https:\/\/jfsmaria.pt\/pt\/diversos\/","title":{"rendered":"Diversos"},"content":{"rendered":"<table>\n<tbody>\n<tr>\n<td style=\"vertical-align: top;\"><strong>Associa\u00e7\u00e3o Desportiva de Manteigas<\/strong><\/p>\n<p>Rua Dr. Correia Tanganho<\/p>\n<p>6260-126 Manteigas E-mail: <a href=\"mailto:associacaodesportivamanteigas@gmail.com\">associacaodesportivamanteigas@gmail.com<\/a><\/p>\n<p>URL: <a href=\"http:\/\/www.admanteigas.blogspot.com\/\">http:\/\/www.admanteigas.blogspot.com<\/a><\/p>\n<p>&nbsp;<\/p>\n<p><strong>Clube de Ca\u00e7a e Pesca de Manteigas<\/strong><\/p>\n<p>Rua Dr. Correia Tanganho<\/p>\n<p>6260-126 Manteigas<\/p>\n<p>Telefone: 275 982 713<\/p>\n<p>&nbsp;<\/p>\n<p><strong>Banda Boa Uni\u00e3o &#8211; M\u00fasica Velha\u00a0<\/strong><\/p>\n<p>Rua Teles de Vasconcelos<\/p>\n<p>6260-185 Manteigas<\/p>\n<p>Telefone e Fax: 275 982 642<\/p>\n<p>Telem\u00f3vel: 965 333 557 (Presidente)<\/p>\n<p>E-mail: <a href=\"mailto:musicavelha@gmail.com\">musicavel<\/a><a href=\"mailto:musicavelha@gmail.com\">ha@gmail.com<\/a><\/p>\n<p>URL: <a href=\"http:\/\/www.musicavelha.net\/\">www.mu<\/a><a href=\"http:\/\/www.musicavelha.net\/\">sicavelha.net<\/a><\/p>\n<p>&nbsp;<\/p>\n<p><strong>Santa Casa da Miseric\u00f3rdia de Manteigas<\/strong><\/p>\n<p>Rua Mestre Alfredo<\/p>\n<p>6260-106 Manteigas<\/p>\n<p>Telefone 275 980 070<\/p>\n<p>&nbsp;<\/p>\n<p><strong>Agrupamento de Escolas de Manteigas<\/strong><\/p>\n<p>Rua de S\u00e3o Louren\u00e7o<\/p>\n<p>6260-150 Manteigas<\/p>\n<p>Telefone: 275 980 040<\/p>\n<p>Fax: 275 980 049<\/p>\n<p>E-Mail:<a href=\"mailto:%20escola.basica.manteigas@sapo.pt\"> escola.basica.manteigas@sapo.pt<\/a><\/p>\n<p>&nbsp;<\/p>\n<p><strong>Centro de Sa\u00fade de Manteigas<\/strong><\/p>\n<p>Telefone: 275 980 100<\/p>\n<p>&nbsp;<\/p>\n<p><strong>Conserv\u00e1t\u00f3ria do Registo Civil, Predial e Notarial<\/strong><\/p>\n<p>Telefone: 275 981 147<\/p>\n<p>&nbsp;<\/p>\n<p><strong>Farm\u00e1cia Ascen\u00e7\u00e3o<\/strong><\/p>\n<p>Telefone: 275 981 677<\/p>\n<p>&nbsp;<\/p>\n<p><strong>Farm\u00e1cia Br\u00e1ulio Monteiro<\/strong><\/p>\n<p>Telefone: 275 981 677<\/p>\n<p>&nbsp;<\/p>\n<p><strong>Guarda Nacional Republicana &#8211; GNR<\/strong><\/p>\n<p>Telefone: 275 981 559<\/p>\n<p>&nbsp;<\/p>\n<p><strong>Parque Natural da Serra da Estrela<\/strong><\/p>\n<p>Telefone: 275 980 060<\/p>\n<p>Fax: 275 980 069<\/p>\n<p>&nbsp;<\/p>\n<p><strong>Reparti\u00e7\u00e3o de Finan\u00e7as <\/strong><\/p>\n<p>Telefone: 275 981 188<\/td>\n<td style=\"vertical-align: top;\"><strong>Associa\u00e7\u00e3o Humanit\u00e1ria dos Bombeiros Volunt\u00e1rios de Manteigas<\/strong><\/p>\n<p>Rua dos Bombeiros Volunt\u00e1rios<\/p>\n<p>6260-120 Manteigas<\/p>\n<p>Telefone: 275\u00a0982\u00a0333<\/p>\n<p>Fax: 275 982 444<\/p>\n<p>Telem\u00f3vel: 962\u00a0607\u00a0892<\/p>\n<p>E-mail: <a href=\"mailto:mantebvm@clix.pt\">mantebvm@clix.pt<\/a>\u00a0&#8211; <a href=\"mailto:mantebvm@sapo.pt\">mantebvm@sapo.pt<\/a><\/p>\n<p>&nbsp;<\/p>\n<p><strong>Corpo Nacional de Escutas &#8211; Agrupamento N.\u00ba 231 &#8211; Santa Maria<\/strong><\/p>\n<p>Largo do Senhor do Calv\u00e1rio &#8211; Apartado 35<\/p>\n<p>6260 Manteigas<\/p>\n<p>URL: <a href=\"http:\/\/www.231.stamaria.manteigas.blog.com\/\">www.2<\/a><a href=\"http:\/\/www.231.stamaria.manteigas.blog.com\/\">31.stamaria.manteigas.blog.com<\/a><\/p>\n<p>&nbsp;<\/p>\n<p><strong>Funda\u00e7\u00e3o Escola Gest<\/strong><\/p>\n<p>Escola Profissional de Hotelaria de Manteigas<\/p>\n<p>FEG \u2013 EPHM Centro F\u00e9rias Sic\u00f3<\/p>\n<p>6260 \u2013 039 Manteigas<\/p>\n<p>E-Mail:<a href=\"mailto:ephmanteigas@mail.telepac.pt\">ephmanteigas@mail.telepac.pt<\/a><\/p>\n<p>Telefone: 275 982 119<\/p>\n<p>&nbsp;<\/p>\n<p><strong>Antral &#8211; Pra\u00e7a de T\u00e1xis<\/strong><\/p>\n<p>Telefone: 275 981 260<\/p>\n<p>&nbsp;<\/p>\n<p><strong>Bombeiros Volunt\u00e1rios de Manteigas<\/strong><\/p>\n<p>Telefone: 275 982 333<\/p>\n<p>&nbsp;<\/p>\n<p><strong>CTT &#8211; Correios de Portugal<\/strong><\/p>\n<p>Telefone: 275981087<\/p>\n<p>Fax: 275 981 088<\/p>\n<p>&nbsp;<\/p>\n<p><strong>Esta\u00e7\u00e3o Sismogr\u00e1fica de Manteigas<\/strong><\/p>\n<p>Telefone: 275 981 247<\/p>\n<p>&nbsp;<\/p>\n<p><strong>Linha Verde Recados da Crian\u00e7a<\/strong><\/p>\n<p>Telefone: 800 206 656<\/p>\n<p>&nbsp;<\/p>\n<p><strong>Observat\u00f3rio Meteorol\u00f3gico<\/strong><\/p>\n<p>Telefone: 275 981 304<\/p>\n<p>&nbsp;<\/p>\n<p><strong>Posto de Turismo de Manteigas<\/strong><\/p>\n<p>Telefone: 275 981 129<\/p>\n<p>&nbsp;<\/p>\n<p><strong>Instituto de Solidariedade e Seguran\u00e7a Social<\/strong><\/p>\n<p>Telefone: 275 981 266<\/td>\n<\/tr>\n<\/tbody>\n<\/table>\n","protected":false},"excerpt":{"rendered":"<p>Associa\u00e7\u00e3o Desportiva de Manteigas Rua Dr. Correia Tanganho 6260-126 Manteigas E-mail: associacaodesportivamanteigas@gmail.com URL: http:\/\/www.admanteigas.blogspot.com &nbsp; Clube de Ca\u00e7a e Pesca de Manteigas Rua Dr. Correia Tanganho 6260-126 Manteigas Telefone: 275 982 713 &nbsp; Banda Boa Uni\u00e3o &#8211; M\u00fasica Velha\u00a0 Rua Teles de Vasconcelos 6260-185 Manteigas Telefone e Fax: 275 982 642 Telem\u00f3vel: 965 333 557 (Presidente) E-mail: musicavelha@gmail.com URL: www.musicavelha.net &nbsp; Santa Casa da Miseric\u00f3rdia de Manteigas Rua Mestre Alfredo 6260-106 Manteigas Telefone 275 980 070 &nbsp; Agrupamento de Escolas de Manteigas Rua de S\u00e3o Louren\u00e7o 6260-150 Manteigas Telefone: 275 980 040 Fax: 275 980 049 E-Mail: escola.basica.manteigas@sapo.pt &nbsp; Centro de Sa\u00fade de Manteigas Telefone: 275 980 100 &nbsp; Conserv\u00e1t\u00f3ria do Registo Civil, Predial e Notarial Telefone: 275 981 147 &nbsp; Farm\u00e1cia Ascen\u00e7\u00e3o Telefone: 275 981 677 &nbsp; Farm\u00e1cia Br\u00e1ulio Monteiro Telefone: 275 981 677 &nbsp; Guarda Nacional Republicana &#8211; GNR Telefone: 275 981 559 &nbsp; Parque Natural da Serra da Estrela Telefone: 275 980 060 Fax: 275 980 069 &nbsp; Reparti\u00e7\u00e3o de Finan\u00e7as Telefone: 275 981 188 Associa\u00e7\u00e3o Humanit\u00e1ria dos Bombeiros Volunt\u00e1rios de Manteigas Rua dos Bombeiros Volunt\u00e1rios 6260-120 Manteigas Telefone: 275\u00a0982\u00a0333 Fax: 275 982 444 Telem\u00f3vel: 962\u00a0607\u00a0892 E-mail: mantebvm@clix.pt\u00a0&#8211; mantebvm@sapo.pt &nbsp; Corpo Nacional de Escutas &#8211; Agrupamento N.\u00ba 231 &#8211; Santa Maria Largo do Senhor do Calv\u00e1rio &#8211; Apartado 35 6260 Manteigas URL: www.231.stamaria.manteigas.blog.com &nbsp; Funda\u00e7\u00e3o Escola Gest Escola Profissional de Hotelaria de Manteigas FEG \u2013 EPHM Centro F\u00e9rias Sic\u00f3 6260 \u2013 039 Manteigas E-Mail:ephmanteigas@mail.telepac.pt Telefone: 275 982 119 &nbsp; Antral &#8211; Pra\u00e7a de T\u00e1xis Telefone: 275 981 260 &nbsp; Bombeiros Volunt\u00e1rios de Manteigas Telefone: 275 982 333 &nbsp; CTT &#8211; Correios de Portugal Telefone: 275981087 Fax: 275 981 088 &nbsp; Esta\u00e7\u00e3o Sismogr\u00e1fica de Manteigas Telefone: 275 981 247 &nbsp; Linha Verde Recados da Crian\u00e7a Telefone: 800 206 656 &nbsp; Observat\u00f3rio Meteorol\u00f3gico Telefone: 275 981 304 &nbsp; Posto de Turismo de Manteigas Telefone: 275 981 129 &nbsp; Instituto de Solidariedade e Seguran\u00e7a Social Telefone: 275 981 266<\/p>\n","protected":false},"author":1,"featured_media":0,"parent":0,"menu_order":0,"comment_status":"closed","ping_status":"closed","template":"","meta":{"footnotes":""},"class_list":["post-40","page","type-page","status-publish","hentry"],"_links":{"self":[{"href":"https:\/\/jfsmaria.pt\/pt\/wp-json\/wp\/v2\/pages\/40","targetHints":{"allow":["GET"]}}],"collection":[{"href":"https:\/\/jfsmaria.pt\/pt\/wp-json\/wp\/v2\/pages"}],"about":[{"href":"https:\/\/jfsmaria.pt\/pt\/wp-json\/wp\/v2\/types\/page"}],"author":[{"embeddable":true,"href":"https:\/\/jfsmaria.pt\/pt\/wp-json\/wp\/v2\/users\/1"}],"replies":[{"embeddable":true,"href":"https:\/\/jfsmaria.pt\/pt\/wp-json\/wp\/v2\/comments?post=40"}],"version-history":[{"count":5,"href":"https:\/\/jfsmaria.pt\/pt\/wp-json\/wp\/v2\/pages\/40\/revisions"}],"predecessor-version":[{"id":448,"href":"https:\/\/jfsmaria.pt\/pt\/wp-json\/wp\/v2\/pages\/40\/revisions\/448"}],"wp:attachment":[{"href":"https:\/\/jfsmaria.pt\/pt\/wp-json\/wp\/v2\/media?parent=40"}],"curies":[{"name":"wp","href":"https:\/\/api.w.org\/{rel}","templated":true}]}}