{"id":411,"date":"2015-12-05T00:00:42","date_gmt":"2015-12-05T00:00:42","guid":{"rendered":"http:\/\/jfsmaria.pt\/pt\/?page_id=411"},"modified":"2024-09-18T08:14:52","modified_gmt":"2024-09-18T08:14:52","slug":"documentos-regulamentos","status":"publish","type":"page","link":"https:\/\/jfsmaria.pt\/pt\/autarquia-2-2\/documentos-regulamentos\/","title":{"rendered":"Documentos \/ Regulamentos"},"content":{"rendered":"\n<p style=\"text-align: center;\"><a href=\"https:\/\/jfsmaria.pt\/pt\/wp-content\/uploads\/2024\/09\/plano-atividades-2024-assinado.pdf\">Plano de atividades de 2024<\/a><\/p>\n<p style=\"text-align: center;\"><a href=\"https:\/\/jfsmaria.pt\/pt\/wp-content\/uploads\/2024\/08\/orcamento-2024.pdf\">Or\u00e7amento de 2024<\/a><\/p>\n\n\n\n<hr class=\"wp-block-separator has-alpha-channel-opacity\"\/>\n\n\n\n<p class=\"has-text-align-center\"><a href=\"https:\/\/jfsmaria.pt\/pt\/wp-content\/uploads\/2024\/08\/relatorio-atividades-contas-gerencia-2023.pdf\">Relat\u00f3rio de actividades e Contas de ger\u00eancia 2023<\/a><\/p>\n\n\n\n<p class=\"has-text-align-center\"><a href=\"https:\/\/jfsmaria.pt\/pt\/wp-content\/uploads\/2024\/08\/relatorio-gestao-2023.pdf\">Relat\u00f3rio de gest\u00e3o 2023<\/a><\/p>\n\n\n\n<p class=\"has-text-align-center\"><a href=\"https:\/\/jfsmaria.pt\/pt\/wp-content\/uploads\/2024\/08\/ata-5-aprovacao-contas-2023.pdf\">Ata de aprova\u00e7\u00e3o de contas 2023 pelo executivo<\/a><\/p>\n\n\n\n<p class=\"has-text-align-center\"><a href=\"https:\/\/jfsmaria.pt\/pt\/wp-content\/uploads\/2023\/04\/orcamento_2023_prto_brco_assinado.pdf\" target=\"_blank\" rel=\"noopener\">Or\u00e7amento de 2023<\/a><\/p>\n\n\n\n<p class=\"has-text-align-center\"><a href=\"https:\/\/jfsmaria.pt\/pt\/wp-content\/uploads\/2023\/04\/plano_atividades_2023_prto_brco_assinado.pdf\" target=\"_blank\" rel=\"noopener\">Plano de atividades de 2023<\/a><\/p>\n\n\n\n<hr class=\"wp-block-separator aligncenter has-alpha-channel-opacity\"\/>\n\n\n\n<p class=\"has-text-align-center\"><a href=\"https:\/\/jfsmaria.pt\/pt\/wp-content\/uploads\/2023\/04\/relaratorio_gestao_2022_assin_assemb.pdf\" target=\"_blank\" rel=\"noopener\">Relat\u00f3rio de gest\u00e3o de 2022<\/a><\/p>\n\n\n\n<p class=\"has-text-align-center\"><a href=\"https:\/\/jfsmaria.pt\/pt\/wp-content\/uploads\/2023\/04\/relatorio_contas_gerancia_2022_assin.pdf\" target=\"_blank\" rel=\"noopener\">Relat\u00f3rio de contas da Ger\u00eancia de 2022<\/a><\/p>\n\n\n\n<figure class=\"wp-block-table\"><table class=\"has-fixed-layout\"><tbody><tr><td class=\"has-text-align-center\" data-align=\"center\" colspan=\"3\"><figure><a href=\"https:\/\/jfsmaria.pt\/pt\/wp-content\/uploads\/2015\/08\/zip.png\" rel=\"attachment wp-att-226\"><img loading=\"lazy\" decoding=\"async\" width=\"47\" height=\"47\" class=\"size-full wp-image-226 aligncenter\" src=\"https:\/\/jfsmaria.pt\/pt\/wp-content\/uploads\/2015\/08\/zip.png\" alt=\"zip\"><\/a><\/figure><p style=\"text-align: center;\"><\/p><p style=\"text-align: center;\"><a href=\"https:\/\/jfsmaria.pt\/pt\/wp-content\/uploads\/2015\/12\/Acordo-de-Execu\u00e7\u00e3o-entre-o-Munic\u00edpio-de-Manteigas-e-Freguesia-de-Santa-Maria-Manteigas.pdf\" rel=\"\">Acordo de Execu\u00e7\u00e3o entre o Munic\u00edpio de Manteigas e Freguesia de Santa Maria &#8211; Manteigas<\/a><\/p><\/td><\/tr><tr><td class=\"has-text-align-center\" data-align=\"center\" colspan=\"3\"><figure><a href=\"https:\/\/jfsmaria.pt\/pt\/wp-content\/uploads\/2015\/08\/pdf_icon.png\" rel=\"attachment wp-att-244\"><img loading=\"lazy\" decoding=\"async\" width=\"50\" height=\"50\" class=\"size-full wp-image-244 aligncenter\" src=\"https:\/\/jfsmaria.pt\/pt\/wp-content\/uploads\/2015\/08\/pdf_icon.png\" alt=\"pdf_icon\"><\/a><\/figure><p style=\"text-align: center;\"><a href=\"https:\/\/jfsmaria.pt\/pt\/wp-content\/uploads\/2015\/12\/Regulamento-Tabela-Geral-de-Taxas-e-Licen\u00e7as.pdf\" rel=\"\">Regulamento Tabela Geral de Taxas e Licen\u00e7as<\/a><\/p><\/td><\/tr><\/tbody><\/table><\/figure>\n\n\n\n<figure class=\"wp-block-table\"><table class=\"has-fixed-layout\"><tbody><tr><td class=\"has-text-align-center\" data-align=\"center\"><a href=\"https:\/\/jfsmaria.pt\/pt\/wp-content\/uploads\/2018\/02\/Documentos-Internos-2018.rar\" target=\"_blank\" rel=\"attachment wp-att-226 noopener noreferrer\"><img loading=\"lazy\" decoding=\"async\" width=\"47\" height=\"47\" class=\"size-full wp-image-226 aligncenter\" src=\"https:\/\/jfsmaria.pt\/pt\/wp-content\/uploads\/2015\/08\/zip.png\" alt=\"zip\"><\/a><br><p><a href=\"https:\/\/jfsmaria.pt\/pt\/wp-content\/uploads\/2018\/02\/Documentos-Internos-2018.rar\" target=\"_blank\" rel=\"noopener noreferrer\">Documentos 2018<\/a><\/p><\/td><td class=\"has-text-align-center\" data-align=\"center\"><a href=\"https:\/\/jfsmaria.pt\/pt\/wp-content\/uploads\/2017\/04\/Documentos-Internos-2017.zip\" rel=\"attachment wp-att-226\"><img loading=\"lazy\" decoding=\"async\" width=\"47\" height=\"47\" class=\"size-full wp-image-226 aligncenter\" src=\"https:\/\/jfsmaria.pt\/pt\/wp-content\/uploads\/2015\/08\/zip.png\" alt=\"zip\"><\/a><br><p><a href=\"https:\/\/jfsmaria.pt\/pt\/wp-content\/uploads\/2017\/04\/Documentos-Internos-2017.zip\" target=\"_blank\" rel=\"noopener\">Documentos&nbsp;2017<\/a><\/p><\/td><td class=\"has-text-align-center\" data-align=\"center\"><a href=\"https:\/\/jfsmaria.pt\/pt\/wp-content\/uploads\/2015\/08\/zip.png\" rel=\"attachment wp-att-226\"><img loading=\"lazy\" decoding=\"async\" width=\"47\" height=\"47\" class=\"size-full wp-image-226 aligncenter\" src=\"https:\/\/jfsmaria.pt\/pt\/wp-content\/uploads\/2015\/08\/zip.png\" alt=\"zip\"><\/a><br><p><a href=\"https:\/\/jfsmaria.pt\/pt\/wp-content\/uploads\/2015\/12\/Documentos-2016.zip\" rel=\"\">Documentos 2016<\/a><\/p><\/td><\/tr><tr><td class=\"has-text-align-center\" data-align=\"center\"><a href=\"https:\/\/jfsmaria.pt\/pt\/wp-content\/uploads\/2015\/12\/Documentos2015.zip\"><img loading=\"lazy\" decoding=\"async\" width=\"47\" height=\"47\" class=\"size-full wp-image-226 aligncenter\" src=\"https:\/\/jfsmaria.pt\/pt\/wp-content\/uploads\/2015\/08\/zip.png\" alt=\"zip\"><\/a><br><p><a href=\"https:\/\/jfsmaria.pt\/pt\/wp-content\/uploads\/2015\/12\/Documentos-2015.zip\" rel=\"\">Documentos 2015<\/a><\/p><\/td><td class=\"has-text-align-center\" data-align=\"center\"><a href=\"https:\/\/jfsmaria.pt\/pt\/wp-content\/uploads\/2015\/12\/Documentos2014.zip\"><img loading=\"lazy\" decoding=\"async\" width=\"47\" height=\"47\" class=\"size-full wp-image-226 aligncenter\" src=\"https:\/\/jfsmaria.pt\/pt\/wp-content\/uploads\/2015\/08\/zip.png\" alt=\"zip\"><\/a><br><a href=\"https:\/\/jfsmaria.pt\/pt\/wp-content\/uploads\/2015\/12\/Documentos2014.zip\">Documentos 2014<\/a><\/td><td class=\"has-text-align-center\" data-align=\"center\"><a href=\"https:\/\/jfsmaria.pt\/pt\/wp-content\/uploads\/2015\/12\/Relat\u00f3riodeGest\u00e3o2013.pdf\"><img loading=\"lazy\" decoding=\"async\" width=\"50\" height=\"50\" class=\"size-full wp-image-244 aligncenter\" src=\"https:\/\/jfsmaria.pt\/pt\/wp-content\/uploads\/2015\/08\/pdf_icon.png\" alt=\"pdf_icon\"><\/a><br><a href=\"https:\/\/jfsmaria.pt\/pt\/wp-content\/uploads\/2015\/12\/Relat\u00f3riodeGest\u00e3o2013.pdf\">Documentos 2013<\/a><\/td><\/tr><\/tbody><\/table><\/figure>\n\n\n\n<figure class=\"wp-block-table\"><table class=\"has-fixed-layout\"><tbody><tr><td class=\"has-text-align-center\" data-align=\"center\"><a href=\"https:\/\/jfsmaria.pt\/pt\/wp-content\/uploads\/2015\/12\/EstruturaOrganica.zip\"><img loading=\"lazy\" decoding=\"async\" width=\"47\" height=\"47\" class=\"size-full wp-image-226 aligncenter\" src=\"https:\/\/jfsmaria.pt\/pt\/wp-content\/uploads\/2015\/08\/zip.png\" alt=\"zip\"><\/a><br><a href=\"https:\/\/jfsmaria.pt\/pt\/wp-content\/uploads\/2015\/12\/EstruturaOrganica.zip\">Estrutura Org\u00e2nica<\/a><\/td><td><a href=\"https:\/\/jfsmaria.pt\/pt\/wp-content\/uploads\/2015\/12\/REGULAMENTOETABELAGERALDETAXASELICEN\u00c7AS.pdf\">&nbsp;<\/a><\/td><\/tr><\/tbody><\/table><\/figure>\n","protected":false},"excerpt":{"rendered":"<p>Plano de atividades de 2024 Or\u00e7amento de 2024 Relat\u00f3rio de actividades e Contas de ger\u00eancia 2023 Relat\u00f3rio de gest\u00e3o 2023 Ata de aprova\u00e7\u00e3o de contas 2023 pelo executivo Or\u00e7amento de 2023 Plano de atividades de 2023 Relat\u00f3rio de gest\u00e3o de 2022 Relat\u00f3rio de contas da Ger\u00eancia de 2022 Acordo de Execu\u00e7\u00e3o entre o Munic\u00edpio de Manteigas e Freguesia de Santa Maria &#8211; Manteigas Regulamento Tabela Geral de Taxas e Licen\u00e7as Documentos 2018 Documentos&nbsp;2017 Documentos 2016 Documentos 2015 Documentos 2014 Documentos 2013 Estrutura Org\u00e2nica &nbsp;<\/p>\n","protected":false},"author":1,"featured_media":0,"parent":17,"menu_order":0,"comment_status":"closed","ping_status":"closed","template":"","meta":{"footnotes":""},"class_list":["post-411","page","type-page","status-publish","hentry"],"_links":{"self":[{"href":"https:\/\/jfsmaria.pt\/pt\/wp-json\/wp\/v2\/pages\/411","targetHints":{"allow":["GET"]}}],"collection":[{"href":"https:\/\/jfsmaria.pt\/pt\/wp-json\/wp\/v2\/pages"}],"about":[{"href":"https:\/\/jfsmaria.pt\/pt\/wp-json\/wp\/v2\/types\/page"}],"author":[{"embeddable":true,"href":"https:\/\/jfsmaria.pt\/pt\/wp-json\/wp\/v2\/users\/1"}],"replies":[{"embeddable":true,"href":"https:\/\/jfsmaria.pt\/pt\/wp-json\/wp\/v2\/comments?post=411"}],"version-history":[{"count":54,"href":"https:\/\/jfsmaria.pt\/pt\/wp-json\/wp\/v2\/pages\/411\/revisions"}],"predecessor-version":[{"id":2228,"href":"https:\/\/jfsmaria.pt\/pt\/wp-json\/wp\/v2\/pages\/411\/revisions\/2228"}],"up":[{"embeddable":true,"href":"https:\/\/jfsmaria.pt\/pt\/wp-json\/wp\/v2\/pages\/17"}],"wp:attachment":[{"href":"https:\/\/jfsmaria.pt\/pt\/wp-json\/wp\/v2\/media?parent=411"}],"curies":[{"name":"wp","href":"https:\/\/api.w.org\/{rel}","templated":true}]}}